{"id":17,"date":"2023-04-29T08:17:42","date_gmt":"2023-04-29T08:17:42","guid":{"rendered":"https:\/\/zimmervermietung-bremerhaven.de\/?page_id=17"},"modified":"2023-12-28T07:14:12","modified_gmt":"2023-12-28T07:14:12","slug":"zimmervermietung-bremerhaven","status":"publish","type":"page","link":"https:\/\/zimmervermietung-bremerhaven.de\/","title":{"rendered":"Zimmervermietung Bremerhaven"},"content":{"rendered":"<div class=\"content\" style=\"text-align: left;\"><span style=\"font-family: 'comic sans ms', sans-serif;\"><img decoding=\"async\" loading=\"lazy\" class=\"size-medium wp-image-80 alignleft\" src=\"https:\/\/zimmervermietung-bremerhaven.de\/wp-content\/uploads\/2023\/04\/cropped-Kirschbluete2005ko-300x225.jpg\" alt=\"\" width=\"300\" height=\"225\" data-wp-editing=\"1\" srcset=\"https:\/\/zimmervermietung-bremerhaven.de\/wp-content\/uploads\/2023\/04\/cropped-Kirschbluete2005ko-300x225.jpg 300w, https:\/\/zimmervermietung-bremerhaven.de\/wp-content\/uploads\/2023\/04\/cropped-Kirschbluete2005ko-1024x767.jpg 1024w, https:\/\/zimmervermietung-bremerhaven.de\/wp-content\/uploads\/2023\/04\/cropped-Kirschbluete2005ko-768x575.jpg 768w, https:\/\/zimmervermietung-bremerhaven.de\/wp-content\/uploads\/2023\/04\/cropped-Kirschbluete2005ko-1200x899.jpg 1200w, https:\/\/zimmervermietung-bremerhaven.de\/wp-content\/uploads\/2023\/04\/cropped-Kirschbluete2005ko.jpg 1343w\" sizes=\"(max-width: 300px) 100vw, 300px\" \/><\/span><\/div>\n<div class=\"content\">\n<p style=\"text-align: center;\"><b style=\"font-family: 'comic sans ms', sans-serif; font-size: large; letter-spacing: -0.315px;\">Zimmer Ab 19,00 \u20ac<\/b><\/p>\n<table class=\"tabelle_kosten\" style=\"width: 123.103%;\" border=\"3\">\n<caption><span style=\"font-family: 'comic sans ms', sans-serif;\">Preise <b>pro Nacht und Person<\/b><\/span><\/caption>\n<tbody>\n<tr>\n<td style=\"width: 40.7241%;\"><strong><span style=\"font-family: 'comic sans ms', sans-serif;\">Zimmer<\/span><\/strong><\/td>\n<td style=\"width: 19.0152%;\">\n<p class=\"text_zentriert\"><span style=\"font-family: 'comic sans ms', sans-serif;\">2 N\u00e4chte<\/span><\/p>\n<\/td>\n<td style=\"width: 19.1728%;\">\n<p class=\"text_zentriert\"><span style=\"font-family: 'comic sans ms', sans-serif;\">3 N\u00e4chte<\/span><\/p>\n<\/td>\n<td style=\"width: 44.4012%;\">\n<p class=\"text_zentriert\"><span style=\"font-family: 'comic sans ms', sans-serif;\">4 N\u00e4chte<\/span><\/p>\n<\/td>\n<\/tr>\n<tr>\n<td style=\"width: 40.7241%;\"><span style=\"font-family: 'comic sans ms', sans-serif;\">Einzelzimmer<b><br \/>\n<\/b><\/span><\/td>\n<td style=\"width: 19.0152%;\">\n<p class=\"text_zentriert\"><span style=\"font-family: 'comic sans ms', sans-serif;\">45,00<\/span><\/p>\n<\/td>\n<td style=\"width: 19.1728%;\">\n<p class=\"text_zentriert\"><span style=\"font-family: 'comic sans ms', sans-serif;\">35,00\u00a0<\/span><\/p>\n<\/td>\n<td style=\"width: 44.4012%;\">\n<p class=\"text_zentriert\" style=\"text-align: left;\"><span style=\"font-family: 'comic sans ms', sans-serif;\">29,00\u00a0<\/span><\/p>\n<\/td>\n<\/tr>\n<tr>\n<td style=\"width: 40.7241%;\"><span style=\"font-family: 'comic sans ms', sans-serif;\">Doppelzimmer<b><br \/>\n<\/b><\/span><\/td>\n<td style=\"width: 19.0152%;\">\n<p class=\"text_zentriert\"><span style=\"font-family: 'comic sans ms', sans-serif;\">38,00<\/span><\/p>\n<\/td>\n<td style=\"width: 19.1728%;\">\n<p class=\"text_zentriert\"><span style=\"font-family: 'comic sans ms', sans-serif;\">32,00<\/span><\/p>\n<\/td>\n<td style=\"width: 44.4012%;\">\n<p class=\"text_zentriert\"><span style=\"font-family: 'comic sans ms', sans-serif;\">26,00\u00a0<\/span><\/p>\n<\/td>\n<\/tr>\n<tr>\n<td style=\"width: 40.7241%;\"><span style=\"font-family: 'comic sans ms', sans-serif;\">Dreibettzimmer<b><br \/>\n<\/b><\/span><\/td>\n<td style=\"width: 19.0152%;\">\n<p class=\"text_zentriert\"><span style=\"font-family: 'comic sans ms', sans-serif;\">29,00<\/span><\/p>\n<\/td>\n<td style=\"width: 19.1728%;\">\n<p class=\"text_zentriert\"><span style=\"font-family: 'comic sans ms', sans-serif;\">24,00<\/span><\/p>\n<\/td>\n<td style=\"width: 44.4012%;\">\n<p class=\"text_zentriert\"><span style=\"font-family: 'comic sans ms', sans-serif;\">19,00<\/span><\/p>\n<\/td>\n<\/tr>\n<\/tbody>\n<\/table>\n<p><span style=\"font-size: medium; font-family: 'comic sans ms', sans-serif;\"><span style=\"color: red;\">incl.<\/span> Bettw\u00e4sche, Handt\u00fccher, Internet \u00fcber W-Lan und Nebenkosten<\/span><\/p>\n<table class=\"table_anreise\" style=\"width: 100%; height: 10px;\" border=\"0\">\n<caption><span style=\"font-size: large; font-family: 'comic sans ms', sans-serif;\"><b>Anreise<\/b><\/span><\/caption>\n<tbody>\n<tr style=\"height: 90px;\">\n<td style=\"height: 10px;\"><span style=\"font-family: 'comic sans ms', sans-serif;\">Montag &#8211; Sonntag<\/span><\/td>\n<td style=\"height: 10px;\">\n<p class=\"text_zentriert\"><span style=\"font-family: 'comic sans ms', sans-serif;\">8:00 bis 18:00 Uhr<\/span><\/p>\n<\/td>\n<\/tr>\n<\/tbody>\n<\/table>\n<p><span style=\"font-family: 'Comic Sans MS'; font-size: 14pt;\">Wir bieten Ihnen g\u00fcnstig\u00a0 Einzelzimmer und\u00a0 Doppelzimmer mit\u00a0 Gemeinschaftsb\u00e4dern und Gemeinschaftsk\u00fcche. Unsere Zimmer liegen im Norden von Bremerhaven Leherheide. <\/span><\/p>\n<p dir=\"ltr\" style=\"margin-top: 20px; margin-bottom: 20px; line-height: 200%;\" align=\"justify\"><span style=\"font-family: 'Comic Sans MS'; font-size: 14pt;\">Der Autobahnzubringer \u00dcberseeh\u00e4fen liegt ca. 1.500 m von unserer Unterkunft entfernt. Der Hafen sowie die Werften und die Gateh\u00e4user sind schnell und einfach zu erreichen. Auch Weddewarden liegt nur ca. 15 Min. entfernt. <\/span><\/p>\n<p dir=\"ltr\" style=\"margin-top: 20px; margin-bottom: 20px; line-height: 200%;\" align=\"justify\"><span style=\"font-family: 'Comic Sans MS'; font-size: 14pt;\">In ca. 100 m Entfernung befindet sich ein Einkaufszentrum in dem auch ein Lidl sowie ein Aldi und ein B\u00e4cker vorhanden sind. Der B\u00e4cker in dem Markt hat ab 7<sup>oo<\/sup> Uhr ge\u00f6ffnet, so dass auch frische Br\u00f6tchen gesichert sind. Auch in ca. 50 m Entfernung liegt ein gem\u00fctliches Vereinsheim, in dem man die gute K\u00fcche zu angenehmen Preisen genie\u00dfen kann.<\/span><\/p>\n<p dir=\"ltr\" style=\"margin-top: 16px; margin-bottom: 16px; line-height: 200%;\" align=\"justify\"><span style=\"font-family: 'Comic Sans MS'; font-size: 14pt;\">Wer sich lieber an den gedeckten Fr\u00fchst\u00fcckstisch setzen m\u00f6chte, auch daf\u00fcr k\u00f6nnen wir sorgen. Beim Br\u00f6tchengeber k\u00f6nnen Sie zu vern\u00fcnftigen Preisen in gem\u00fctlicher Atmosph\u00e4re ausgiebig fr\u00fchst\u00fccken. Entfernung ca. 500 m. Von Montag bis Freitag ab 6.30 Uhr\u00a0 und Samstags ab 7.00 Uhr ge\u00f6ffnet.\u00a0<\/span><\/p>\n<\/div>\n","protected":false},"excerpt":{"rendered":"<p>Zimmer Ab 19,00 \u20ac Preise pro Nacht und Person Zimmer 2 N\u00e4chte 3 N\u00e4chte 4 N\u00e4chte Einzelzimmer 45,00 35,00\u00a0 29,00\u00a0 Doppelzimmer 38,00 32,00 26,00\u00a0 Dreibettzimmer 29,00 24,00 19,00 incl. Bettw\u00e4sche, Handt\u00fccher, Internet \u00fcber W-Lan und Nebenkosten Anreise Montag &#8211; Sonntag 8:00 bis 18:00 Uhr Wir bieten Ihnen g\u00fcnstig\u00a0 Einzelzimmer und\u00a0 Doppelzimmer mit\u00a0 Gemeinschaftsb\u00e4dern und Gemeinschaftsk\u00fcche. [&hellip;]<\/p>\n","protected":false},"author":1,"featured_media":7,"parent":0,"menu_order":0,"comment_status":"closed","ping_status":"closed","template":"","meta":[],"_links":{"self":[{"href":"https:\/\/zimmervermietung-bremerhaven.de\/index.php?rest_route=\/wp\/v2\/pages\/17"}],"collection":[{"href":"https:\/\/zimmervermietung-bremerhaven.de\/index.php?rest_route=\/wp\/v2\/pages"}],"about":[{"href":"https:\/\/zimmervermietung-bremerhaven.de\/index.php?rest_route=\/wp\/v2\/types\/page"}],"author":[{"embeddable":true,"href":"https:\/\/zimmervermietung-bremerhaven.de\/index.php?rest_route=\/wp\/v2\/users\/1"}],"replies":[{"embeddable":true,"href":"https:\/\/zimmervermietung-bremerhaven.de\/index.php?rest_route=%2Fwp%2Fv2%2Fcomments&post=17"}],"version-history":[{"count":90,"href":"https:\/\/zimmervermietung-bremerhaven.de\/index.php?rest_route=\/wp\/v2\/pages\/17\/revisions"}],"predecessor-version":[{"id":238,"href":"https:\/\/zimmervermietung-bremerhaven.de\/index.php?rest_route=\/wp\/v2\/pages\/17\/revisions\/238"}],"wp:featuredmedia":[{"embeddable":true,"href":"https:\/\/zimmervermietung-bremerhaven.de\/index.php?rest_route=\/wp\/v2\/media\/7"}],"wp:attachment":[{"href":"https:\/\/zimmervermietung-bremerhaven.de\/index.php?rest_route=%2Fwp%2Fv2%2Fmedia&parent=17"}],"curies":[{"name":"wp","href":"https:\/\/api.w.org\/{rel}","templated":true}]}}